{"id":7674,"date":"2024-02-07T20:07:59","date_gmt":"2024-02-07T20:07:59","guid":{"rendered":"https:\/\/byhourshoteles.com.co\/?page_id=7674"},"modified":"2024-02-19T15:52:55","modified_gmt":"2024-02-19T15:52:55","slug":"habitacion-de-hotel","status":"publish","type":"page","link":"https:\/\/byhourshoteles.com.co\/en\/habitacion-de-hotel\/","title":{"rendered":"Habitaci\u00f3n Deluxe"},"content":{"rendered":"<section class=\"wpb-content-wrapper\"><div class=\"vc_row wpb_row vc_row-fluid vc_custom_1524125476429\" ><div class=\"wpb_column vc_column_container vc_col-sm-12\"><div class=\"vc_column-inner\"><div class=\"wpb_wrapper\"><div class=\"wpb_images_carousel wpb_content_element vc_clearfix vc_custom_1707398905413 galeria-fotos\"><div class=\"wpb_wrapper\"><div id=\"vc_images-carousel-1-1777641216\" data-ride=\"vc_carousel\" data-wrap=\"true\" style=\"width: 100%;\" data-interval=\"4000\" data-auto-height=\"yes\" data-mode=\"horizontal\" data-partial=\"false\" data-per-view=\"1\" data-hide-on-end=\"false\" class=\"vc_slide vc_images_carousel\"><ol class=\"vc_carousel-indicators\"><li data-target=\"#vc_images-carousel-1-1777641216\" data-slide-to=\"0\"><\/li><li data-target=\"#vc_images-carousel-1-1777641216\" data-slide-to=\"1\"><\/li><li data-target=\"#vc_images-carousel-1-1777641216\" data-slide-to=\"2\"><\/li><li data-target=\"#vc_images-carousel-1-1777641216\" data-slide-to=\"3\"><\/li><\/ol><div class=\"vc_carousel-inner\"><div class=\"vc_carousel-slideline\"><div class=\"vc_carousel-slideline-inner\"><div class=\"vc_item\"><div class=\"vc_inner\"><img loading=\"lazy\" decoding=\"async\" width=\"1698\" height=\"1275\" src=\"https:\/\/byhourshoteles.com.co\/wp-content\/uploads\/2024\/02\/DSC_9908-scaled-e1707332866153.webp\" class=\"attachment-full\" alt=\"\" title=\"DSC_9908\" srcset=\"https:\/\/byhourshoteles.com.co\/wp-content\/uploads\/2024\/02\/DSC_9908-scaled-e1707332866153.webp 1698w, https:\/\/byhourshoteles.com.co\/wp-content\/uploads\/2024\/02\/DSC_9908-scaled-e1707332866153-300x225.webp 300w, https:\/\/byhourshoteles.com.co\/wp-content\/uploads\/2024\/02\/DSC_9908-scaled-e1707332866153-1024x769.webp 1024w, https:\/\/byhourshoteles.com.co\/wp-content\/uploads\/2024\/02\/DSC_9908-scaled-e1707332866153-768x577.webp 768w, https:\/\/byhourshoteles.com.co\/wp-content\/uploads\/2024\/02\/DSC_9908-scaled-e1707332866153-1536x1153.webp 1536w, https:\/\/byhourshoteles.com.co\/wp-content\/uploads\/2024\/02\/DSC_9908-scaled-e1707332866153-16x12.webp 16w, https:\/\/byhourshoteles.com.co\/wp-content\/uploads\/2024\/02\/DSC_9908-scaled-e1707332866153-600x451.webp 600w\" sizes=\"auto, (max-width: 1698px) 100vw, 1698px\" \/><\/div><\/div><div class=\"vc_item\"><div class=\"vc_inner\"><img loading=\"lazy\" decoding=\"async\" width=\"2261\" height=\"1698\" src=\"https:\/\/byhourshoteles.com.co\/wp-content\/uploads\/2024\/02\/DSC_9905-scaled-e1707332837811.webp\" class=\"attachment-full\" alt=\"\" title=\"DSC_9905\" srcset=\"https:\/\/byhourshoteles.com.co\/wp-content\/uploads\/2024\/02\/DSC_9905-scaled-e1707332837811.webp 2261w, https:\/\/byhourshoteles.com.co\/wp-content\/uploads\/2024\/02\/DSC_9905-scaled-e1707332837811-300x225.webp 300w, https:\/\/byhourshoteles.com.co\/wp-content\/uploads\/2024\/02\/DSC_9905-scaled-e1707332837811-1024x769.webp 1024w, https:\/\/byhourshoteles.com.co\/wp-content\/uploads\/2024\/02\/DSC_9905-scaled-e1707332837811-768x577.webp 768w, https:\/\/byhourshoteles.com.co\/wp-content\/uploads\/2024\/02\/DSC_9905-scaled-e1707332837811-1536x1154.webp 1536w, https:\/\/byhourshoteles.com.co\/wp-content\/uploads\/2024\/02\/DSC_9905-scaled-e1707332837811-16x12.webp 16w, https:\/\/byhourshoteles.com.co\/wp-content\/uploads\/2024\/02\/DSC_9905-scaled-e1707332837811-600x451.webp 600w\" sizes=\"auto, (max-width: 2261px) 100vw, 2261px\" \/><\/div><\/div><div class=\"vc_item\"><div class=\"vc_inner\"><img loading=\"lazy\" decoding=\"async\" width=\"2261\" height=\"1698\" src=\"https:\/\/byhourshoteles.com.co\/wp-content\/uploads\/2024\/02\/DSC_9898-scaled-e1707332709411.webp\" class=\"attachment-full\" alt=\"\" title=\"DSC_9898\" srcset=\"https:\/\/byhourshoteles.com.co\/wp-content\/uploads\/2024\/02\/DSC_9898-scaled-e1707332709411.webp 2261w, https:\/\/byhourshoteles.com.co\/wp-content\/uploads\/2024\/02\/DSC_9898-scaled-e1707332709411-300x225.webp 300w, https:\/\/byhourshoteles.com.co\/wp-content\/uploads\/2024\/02\/DSC_9898-scaled-e1707332709411-1024x769.webp 1024w, https:\/\/byhourshoteles.com.co\/wp-content\/uploads\/2024\/02\/DSC_9898-scaled-e1707332709411-768x577.webp 768w, https:\/\/byhourshoteles.com.co\/wp-content\/uploads\/2024\/02\/DSC_9898-scaled-e1707332709411-1536x1154.webp 1536w, https:\/\/byhourshoteles.com.co\/wp-content\/uploads\/2024\/02\/DSC_9898-scaled-e1707332709411-16x12.webp 16w, https:\/\/byhourshoteles.com.co\/wp-content\/uploads\/2024\/02\/DSC_9898-scaled-e1707332709411-600x451.webp 600w\" sizes=\"auto, (max-width: 2261px) 100vw, 2261px\" \/><\/div><\/div><div class=\"vc_item\"><div class=\"vc_inner\"><img loading=\"lazy\" decoding=\"async\" width=\"2261\" height=\"1698\" src=\"https:\/\/byhourshoteles.com.co\/wp-content\/uploads\/2024\/02\/DSC_9875-scaled-e1707332672906.webp\" class=\"attachment-full\" alt=\"\" title=\"DSC_9875\" srcset=\"https:\/\/byhourshoteles.com.co\/wp-content\/uploads\/2024\/02\/DSC_9875-scaled-e1707332672906.webp 2261w, https:\/\/byhourshoteles.com.co\/wp-content\/uploads\/2024\/02\/DSC_9875-scaled-e1707332672906-300x225.webp 300w, https:\/\/byhourshoteles.com.co\/wp-content\/uploads\/2024\/02\/DSC_9875-scaled-e1707332672906-1024x769.webp 1024w, https:\/\/byhourshoteles.com.co\/wp-content\/uploads\/2024\/02\/DSC_9875-scaled-e1707332672906-768x577.webp 768w, https:\/\/byhourshoteles.com.co\/wp-content\/uploads\/2024\/02\/DSC_9875-scaled-e1707332672906-1536x1154.webp 1536w, https:\/\/byhourshoteles.com.co\/wp-content\/uploads\/2024\/02\/DSC_9875-scaled-e1707332672906-16x12.webp 16w, https:\/\/byhourshoteles.com.co\/wp-content\/uploads\/2024\/02\/DSC_9875-scaled-e1707332672906-600x451.webp 600w\" sizes=\"auto, (max-width: 2261px) 100vw, 2261px\" \/><\/div><\/div><\/div><\/div><\/div><a class=\"vc_left vc_carousel-control\" href=\"#vc_images-carousel-1-1777641216\" data-slide=\"prev\"><span class=\"icon-prev\"><\/span><\/a><a class=\"vc_right vc_carousel-control\" href=\"#vc_images-carousel-1-1777641216\" data-slide=\"next\"><span class=\"icon-next\"><\/span><\/a><\/div><\/div><\/div><\/div><\/div><\/div><\/div><div class=\"vc_row wpb_row vc_row-fluid vc_custom_1707411943009\" ><div class=\"wpb_column vc_column_container vc_col-sm-12\"><div class=\"vc_column-inner\"><div class=\"wpb_wrapper\"><div class=\"qodef-tabs tabs-productos qodef-tabs-vertical\">\n\t<ul class=\"qodef-tabs-nav clearfix\">\n\t\t\t\t\t<li>\n\t\t\t\t\t\t\t\t\t<a href=\"#tab-habitacion\">Habitaci\u00f3n<\/a>\n\t\t\t\t\t\t\t<\/li>\n\t\t\t\t\t<li>\n\t\t\t\t\t\t\t\t\t<a href=\"#tab-ubicacion\">Ubicaci\u00f3n<\/a>\n\t\t\t\t\t\t\t<\/li>\n\t\t\t<\/ul>\n\t<div class=\"qodef-tab-container\" id=\"tab-habitacion-154\">\n\t<div class=\"wpb_text_column wpb_content_element\" >\n\t\t<div class=\"wpb_wrapper\">\n\t\t\t<div class=\"wpb_text_column wpb_content_element\">\n<div class=\"wpb_wrapper\">\n<div class=\"qodef-hotel-room-description qodef-hotel-part-holder\">\n<div class=\"qodef-hotel-room-items-style clearfix\">\n<h3><strong>DETALLES<\/strong><\/h3>\n<p>Perfecta para n\u00f3madas digitales y ejecutivos en constante movimiento, nuestra Habitaci\u00f3n Ejecutiva brinda una experiencia de calidad con una cama King, Smart TV de 48 pulgadas, ba\u00f1o privado y escritorio. Adem\u00e1s, cuenta con tel\u00e9fono y una nevera-minibar para tu total confort. Vive la comodidad y la eficiencia en cada hora de tu estancia.<\/p>\n<\/div>\n<\/div>\n<\/div>\n<\/div>\n\n\t\t<\/div>\n\t<\/div>\n\n\t<div class=\"wpb_text_column wpb_content_element\" >\n\t\t<div class=\"wpb_wrapper\">\n\t\t\t<h3><strong>COMODIDADES<\/strong><\/h3>\n<ul class=\"comodidades\">\n<li><span class=\"item\">Aire acondicionado<\/span><\/li>\n<li><span class=\"item\">TV<\/span><\/li>\n<li><span class=\"item\">Mini Bar<\/span><\/li>\n<li><span class=\"item\">Amigable para mascotas<\/span><\/li>\n<\/ul>\n\n\t\t<\/div>\n\t<\/div>\n<\/div><div class=\"qodef-tab-container\" id=\"tab-ubicacion-729\">\n\t<div class=\"wpb_text_column wpb_content_element  vc_custom_1707410826546\" >\n\t\t<div class=\"wpb_wrapper\">\n\t\t\t<h3><strong>UBICACI\u00d3N<\/strong><\/h3>\n\n\t\t<\/div>\n\t<\/div>\n<div class=\"wpb_gmaps_widget wpb_content_element vc_map_responsive\"><div class=\"wpb_wrapper\"><div class=\"wpb_map_wraper\"><iframe loading=\"lazy\" src=\"https:\/\/www.google.com\/maps\/embed?pb=!1m14!1m8!1m3!1d7953.5942393481855!2d-74.13438819327406!3d4.630253521374932!3m2!1i1024!2i768!4f13.1!3m3!1m2!1s0x8e3f9ddcf364f3f3%3A0x543bc121fbea30bf!2sHotel%20ByHours%20Las%20Am%C3%A9ricas!5e0!3m2!1ses!2sco!4v1707409776305!5m2!1ses!2sco\" width=\"600\" height=\"450\" frameborder=\"0\" style=\"border:0\" allowfullscreen><\/iframe><\/div><\/div><\/div>\n\t<div class=\"wpb_text_column wpb_content_element  vc_custom_1707411796941\" >\n\t\t<div class=\"wpb_wrapper\">\n\t\t\t<h3><strong>DIRECCI\u00d3N<\/strong><\/h3>\n<ul class=\"comodidades\">\n<li><span class=\"item\">Ciudad: Bogot\u00e1<\/span><\/li>\n<li><span class=\"item\">Pa\u00eds: Colombia<\/span><\/li>\n<li><span class=\"item\">Tel\u00e9fono: +57 311 521 8759<\/span><\/li>\n<li><span class=\"item\">Direcci\u00f3n: Cl. 6a #70B 30<\/span><\/li>\n<\/ul>\n\n\t\t<\/div>\n\t<\/div>\n<\/div><\/div><\/div><\/div><\/div><\/div><div class=\"vc_row wpb_row vc_row-fluid\" ><div class=\"wpb_column vc_column_container vc_col-sm-12\"><div class=\"vc_column-inner\"><div class=\"wpb_wrapper\"><div class=\"qodef-google-map-holder\">\n\t<div class=\"qodef-google-map\" id=\"qodef-map-2562644\" data-addresses='[\"\"]' data-custom-map-style=\"no\" data-color-overlay=\"#393939\" data-saturation=\"-100\" data-lightness=\"-60\" data-zoom=\"12\" data-pin=\"https:\/\/byhourshoteles.com.co\/wp-content\/themes\/iver\/assets\/img\/pin.png\" data-unique-id=\"2562644\" data-scroll-wheel=\"no\" data-height=\"600\" data-snazzy-map-style=\"yes\"><\/div>\n\t\t\t<input type=\"hidden\" class=\"qodef-snazzy-map\" value=\"\" \/>\n\t\t\t\t<div class=\"qodef-google-map-overlay\"><\/div>\n\t<\/div>\n<\/div><\/div><\/div><\/div>\n<\/section>","protected":false},"excerpt":{"rendered":"Habitaci\u00f3n Ubicaci\u00f3n DETALLES Perfecta para n\u00f3madas digitales y ejecutivos en constante movimiento, nuestra Habitaci\u00f3n Ejecutiva brinda una experiencia de calidad con una cama King, Smart TV de 48 pulgadas, ba\u00f1o privado y escritorio. Adem\u00e1s, cuenta con tel\u00e9fono y una nevera-minibar para tu total confort. Vive [...]","protected":false},"author":1,"featured_media":0,"parent":0,"menu_order":0,"comment_status":"closed","ping_status":"closed","template":"","meta":{"footnotes":""},"class_list":["post-7674","page","type-page","status-publish","hentry"],"yoast_head":"<!-- This site is optimized with the Yoast SEO plugin v21.8 - https:\/\/yoast.com\/wordpress\/plugins\/seo\/ -->\n<title>Habitaci\u00f3n Deluxe - Hoteles ByHours<\/title>\n<meta name=\"robots\" content=\"index, follow, max-snippet:-1, max-image-preview:large, max-video-preview:-1\" \/>\n<link rel=\"canonical\" href=\"https:\/\/byhourshoteles.com.co\/en\/habitacion-de-hotel\/\" \/>\n<meta property=\"og:locale\" content=\"en_US\" \/>\n<meta property=\"og:type\" content=\"article\" \/>\n<meta property=\"og:title\" content=\"Habitaci\u00f3n Deluxe - Hoteles ByHours\" \/>\n<meta property=\"og:url\" content=\"https:\/\/byhourshoteles.com.co\/en\/habitacion-de-hotel\/\" \/>\n<meta property=\"og:site_name\" content=\"Hoteles ByHours\" \/>\n<meta property=\"article:modified_time\" content=\"2024-02-19T15:52:55+00:00\" \/>\n<meta name=\"twitter:card\" content=\"summary_large_image\" \/>\n<meta name=\"twitter:label1\" content=\"Est. reading time\" \/>\n\t<meta name=\"twitter:data1\" content=\"1 minute\" \/>\n<script type=\"application\/ld+json\" class=\"yoast-schema-graph\">{\"@context\":\"https:\/\/schema.org\",\"@graph\":[{\"@type\":\"WebPage\",\"@id\":\"https:\/\/byhourshoteles.com.co\/habitacion-de-hotel\/\",\"url\":\"https:\/\/byhourshoteles.com.co\/habitacion-de-hotel\/\",\"name\":\"Habitaci\u00f3n Deluxe - Hoteles ByHours\",\"isPartOf\":{\"@id\":\"https:\/\/byhourshoteles.com.co\/#website\"},\"datePublished\":\"2024-02-07T20:07:59+00:00\",\"dateModified\":\"2024-02-19T15:52:55+00:00\",\"breadcrumb\":{\"@id\":\"https:\/\/byhourshoteles.com.co\/habitacion-de-hotel\/#breadcrumb\"},\"inLanguage\":\"en-US\",\"potentialAction\":[{\"@type\":\"ReadAction\",\"target\":[\"https:\/\/byhourshoteles.com.co\/habitacion-de-hotel\/\"]}]},{\"@type\":\"BreadcrumbList\",\"@id\":\"https:\/\/byhourshoteles.com.co\/habitacion-de-hotel\/#breadcrumb\",\"itemListElement\":[{\"@type\":\"ListItem\",\"position\":1,\"name\":\"Portada\",\"item\":\"https:\/\/byhourshoteles.com.co\/\"},{\"@type\":\"ListItem\",\"position\":2,\"name\":\"Habitaci\u00f3n Deluxe\"}]},{\"@type\":\"WebSite\",\"@id\":\"https:\/\/byhourshoteles.com.co\/#website\",\"url\":\"https:\/\/byhourshoteles.com.co\/\",\"name\":\"Hoteles ByHours\",\"description\":\"\",\"potentialAction\":[{\"@type\":\"SearchAction\",\"target\":{\"@type\":\"EntryPoint\",\"urlTemplate\":\"https:\/\/byhourshoteles.com.co\/?s={search_term_string}\"},\"query-input\":\"required name=search_term_string\"}],\"inLanguage\":\"en-US\"}]}<\/script>\n<!-- \/ Yoast SEO plugin. -->","yoast_head_json":{"title":"Habitaci\u00f3n Deluxe - Hoteles ByHours","robots":{"index":"index","follow":"follow","max-snippet":"max-snippet:-1","max-image-preview":"max-image-preview:large","max-video-preview":"max-video-preview:-1"},"canonical":"https:\/\/byhourshoteles.com.co\/en\/habitacion-de-hotel\/","og_locale":"en_US","og_type":"article","og_title":"Habitaci\u00f3n Deluxe - Hoteles ByHours","og_url":"https:\/\/byhourshoteles.com.co\/en\/habitacion-de-hotel\/","og_site_name":"Hoteles ByHours","article_modified_time":"2024-02-19T15:52:55+00:00","twitter_card":"summary_large_image","twitter_misc":{"Est. reading time":"1 minute"},"schema":{"@context":"https:\/\/schema.org","@graph":[{"@type":"WebPage","@id":"https:\/\/byhourshoteles.com.co\/habitacion-de-hotel\/","url":"https:\/\/byhourshoteles.com.co\/habitacion-de-hotel\/","name":"Habitaci\u00f3n Deluxe - Hoteles ByHours","isPartOf":{"@id":"https:\/\/byhourshoteles.com.co\/#website"},"datePublished":"2024-02-07T20:07:59+00:00","dateModified":"2024-02-19T15:52:55+00:00","breadcrumb":{"@id":"https:\/\/byhourshoteles.com.co\/habitacion-de-hotel\/#breadcrumb"},"inLanguage":"en-US","potentialAction":[{"@type":"ReadAction","target":["https:\/\/byhourshoteles.com.co\/habitacion-de-hotel\/"]}]},{"@type":"BreadcrumbList","@id":"https:\/\/byhourshoteles.com.co\/habitacion-de-hotel\/#breadcrumb","itemListElement":[{"@type":"ListItem","position":1,"name":"Portada","item":"https:\/\/byhourshoteles.com.co\/"},{"@type":"ListItem","position":2,"name":"Habitaci\u00f3n Deluxe"}]},{"@type":"WebSite","@id":"https:\/\/byhourshoteles.com.co\/#website","url":"https:\/\/byhourshoteles.com.co\/","name":"Hoteles ByHours","description":"","potentialAction":[{"@type":"SearchAction","target":{"@type":"EntryPoint","urlTemplate":"https:\/\/byhourshoteles.com.co\/?s={search_term_string}"},"query-input":"required name=search_term_string"}],"inLanguage":"en-US"}]}},"_links":{"self":[{"href":"https:\/\/byhourshoteles.com.co\/en\/wp-json\/wp\/v2\/pages\/7674","targetHints":{"allow":["GET"]}}],"collection":[{"href":"https:\/\/byhourshoteles.com.co\/en\/wp-json\/wp\/v2\/pages"}],"about":[{"href":"https:\/\/byhourshoteles.com.co\/en\/wp-json\/wp\/v2\/types\/page"}],"author":[{"embeddable":true,"href":"https:\/\/byhourshoteles.com.co\/en\/wp-json\/wp\/v2\/users\/1"}],"replies":[{"embeddable":true,"href":"https:\/\/byhourshoteles.com.co\/en\/wp-json\/wp\/v2\/comments?post=7674"}],"version-history":[{"count":33,"href":"https:\/\/byhourshoteles.com.co\/en\/wp-json\/wp\/v2\/pages\/7674\/revisions"}],"predecessor-version":[{"id":7676,"href":"https:\/\/byhourshoteles.com.co\/en\/wp-json\/wp\/v2\/pages\/7674\/revisions\/7676"}],"wp:attachment":[{"href":"https:\/\/byhourshoteles.com.co\/en\/wp-json\/wp\/v2\/media?parent=7674"}],"curies":[{"name":"wp","href":"https:\/\/api.w.org\/{rel}","templated":true}]}}